{"id":61,"date":"2016-10-30T08:00:10","date_gmt":"2016-10-30T08:00:10","guid":{"rendered":"http:\/\/l4h.ruhwandl.de\/?page_id=61"},"modified":"2019-05-08T09:27:43","modified_gmt":"2019-05-08T09:27:43","slug":"home","status":"publish","type":"page","link":"http:\/\/l4h.ruhwandl.de\/","title":{"rendered":"Home"},"content":{"rendered":"<div id=\"pl-61\"  class=\"panel-layout\" ><div id=\"pg-61-0\"  class=\"panel-grid panel-has-style\" ><div class=\"siteorigin-panels-stretch panel-row-style panel-row-style-for-61-0\" data-stretch-type=\"full\" ><div id=\"pgc-61-0-0\"  class=\"panel-grid-cell\" ><div id=\"panel-61-0-0-0\" class=\"so-panel widget widget_black-studio-tinymce widget_black_studio_tinymce panel-first-child panel-last-child\" data-index=\"0\" ><div class=\"textwidget\"><p style=\"text-align: center;\"><span class=\"\" style=\"display:block;clear:both;height: 0px;padding-top: 130px;border-top-width:0px;border-bottom-width:0px;\"><\/span><\/p>\n<h1 style=\"text-align: center;\"><span class=\"home-headline\" style=\"color: #003366;\">LEADERSHIP FOR HEALTH<\/span><\/h1>\n<h1 style=\"text-align: center;\"><span class=\"home-sub1\" style=\"color: #003366;\">Gesund durch F\u00fchrung<\/span><\/h1>\n<h2 style=\"text-align: center;\"><em><strong><span style=\"color: #003366;\"><a style=\"color: #003366;\" href=\"http:\/\/l4h.ruhwandl.de\/?page_id=48\"><span class=\"home-sub2\">Beginnen Sie jetzt!<\/span><\/a><\/span><\/strong><\/em><\/h2>\n<p style=\"text-align: center;\"><span class=\"\" style=\"display:block;clear:both;height: 0px;padding-top: 40px;border-top-width:0px;border-bottom-width:0px;\"><\/span><\/p>\n<p style=\"text-align: center;\"><strong><a href=\"https:\/\/www.klett-cotta.de\/buch\/Beratung_und_Supervision\/Vom_Glueck_Verantwortung_zu_teilen\/101201\" target=\"_blank\" rel=\"noopener\">Vom Gl\u00fcck, Verantwortung zu teilen<\/a><\/strong><\/p>\n<p><span class=\"\" style=\"display:block;clear:both;height: 0px;padding-top: 20px;border-top-width:0px;border-bottom-width:0px;\"><\/span><\/p>\n<p style=\"text-align: center;\"><a href=\"https:\/\/www.psychologie-heute.de\/leben\/39902-vom-glueck-verantwortung-zu-teilen.html\" target=\"_blank\" rel=\"noopener\">Lesen Sie zum Thema aktuell in Psychologie Heute<\/a><\/p>\n<p><span class=\"\" style=\"display:block;clear:both;height: 0px;padding-top: 30px;border-top-width:0px;border-bottom-width:0px;\"><\/span><\/p>\n<p style=\"text-align: center;\"><a class=\"button primary-button\" href=\"http:\/\/l4h.ruhwandl.de\/?page_id=340\">Unsere Mission<\/a> <a class=\"button secondary-button\" href=\"http:\/\/l4h.ruhwandl.de\/?page_id=48\">Unsere Leistungen<\/a><\/p>\n<p style=\"text-align: center;\"><span class=\"\" style=\"display:block;clear:both;height: 0px;padding-top: 400px;border-top-width:0px;border-bottom-width:0px;\"><\/span><\/p>\n<\/div><\/div><\/div><\/div><\/div><div id=\"pg-61-1\"  class=\"panel-grid panel-no-style\" ><div id=\"pgc-61-1-0\"  class=\"panel-grid-cell\" ><div id=\"panel-61-1-0-0\" class=\"so-panel widget widget_black-studio-tinymce widget_black_studio_tinymce panel-first-child panel-last-child\" data-index=\"1\" ><div class=\"textwidget\"><p style=\"text-align: center;\"><span class=\"home-DasgesundeUnternehmen\">Das gesunde Unternehmen<\/span><\/p>\n<p>https:\/\/www.psychologie-heute.de\/abo-shop\/einzelhefte-jahrgaenge\/heftinhalt\/39399-psychologie-heute-62019-vom-glueck-verantwortung-zu-teilen.html<\/p>\n<\/div><\/div><\/div><\/div><div id=\"pg-61-2\"  class=\"panel-grid panel-no-style\" ><div id=\"pgc-61-2-0\"  class=\"panel-grid-cell\" ><div id=\"panel-61-2-0-0\" class=\"so-panel widget widget_black-studio-tinymce widget_black_studio_tinymce panel-first-child panel-last-child\" data-index=\"2\" ><div class=\"textwidget\"><p><a href=\"http:\/\/l4h.ruhwandl.de\/?page_id=202\"><img class=\"size-full wp-image-193 aligncenter\" src=\"http:\/\/l4h.ruhwandl.de\/wp-content\/uploads\/2016\/10\/Logomakr_97em6g.png\" alt=\"logomakr_97em6g\" width=\"303\" height=\"209\" \/><\/a><\/p>\n<h2 style=\"text-align: center;\"><a href=\"http:\/\/l4h.ruhwandl.de\/?page_id=202\">F\u00fchrungskr\u00e4fteschulung<\/a><\/h2>\n<p style=\"text-align: center;\">F\u00fcr F\u00fchrungskr\u00e4fte aller Ebenen als Basis Ihres gesunden Unternehmens<\/p>\n<p style=\"text-align: center;\"><a class=\"button primary-button\" href=\"http:\/\/l4h.ruhwandl.de\/?page_id=240\">Schulung buchen<\/a><\/p>\n<p style=\"text-align: center;\"><span class=\"\" style=\"display:block;clear:both;height: 0px;padding-top: 20px;border-top-width:0px;border-bottom-width:0px;\"><\/span><\/p>\n<\/div><\/div><\/div><div id=\"pgc-61-2-1\"  class=\"panel-grid-cell\" ><div id=\"panel-61-2-1-0\" class=\"so-panel widget widget_black-studio-tinymce widget_black_studio_tinymce panel-first-child panel-last-child\" data-index=\"3\" ><div class=\"textwidget\"><p><a href=\"http:\/\/l4h.ruhwandl.de\/?page_id=207\"><img class=\"aligncenter size-full wp-image-196\" src=\"http:\/\/l4h.ruhwandl.de\/wp-content\/uploads\/2016\/10\/Logomakr_7o15Jw-e1477943818236.png\" alt=\"logomakr_7o15jw\" width=\"194\" height=\"194\" \/><\/a><\/p>\n<h2 style=\"text-align: center;\"><a href=\"http:\/\/l4h.ruhwandl.de\/?page_id=207\">Organisationsberatung<\/a><\/h2>\n<p style=\"text-align: center;\">Die Strategie f\u00fcr Ihr gesundes Unternehmen<\/p>\n<p style=\"text-align: center;\"><a class=\"button primary-button\" href=\"http:\/\/l4h.ruhwandl.de\/?page_id=233\">Beratung buchen<\/a><\/p>\n<p style=\"text-align: center;\"><span class=\"\" style=\"display:block;clear:both;height: 0px;padding-top: 20px;border-top-width:0px;border-bottom-width:0px;\"><\/span><\/p>\n<\/div><\/div><\/div><div id=\"pgc-61-2-2\"  class=\"panel-grid-cell\" ><div id=\"panel-61-2-2-0\" class=\"so-panel widget widget_black-studio-tinymce widget_black_studio_tinymce panel-first-child panel-last-child\" data-index=\"4\" ><div class=\"textwidget\"><p><a href=\"http:\/\/l4h.ruhwandl.de\/?page_id=213\"><img class=\"aligncenter wp-image-195\" src=\"http:\/\/l4h.ruhwandl.de\/wp-content\/uploads\/2016\/10\/Logomakr_5ZEFJ0.png\" alt=\"logomakr_5zefj0\" width=\"150\" height=\"192\" \/><\/a><\/p>\n<h2 style=\"text-align: center;\"><a href=\"http:\/\/l4h.ruhwandl.de\/?page_id=213\">Coaching<\/a><\/h2>\n<p style=\"text-align: center;\">Gesundheitscoaching f\u00fcr F\u00fchrungskr\u00e4fte<\/p>\n<p style=\"text-align: center;\"><a class=\"button primary-button\" href=\"http:\/\/l4h.ruhwandl.de\/?page_id=243\">Coaching buchen<\/a><\/p>\n<p style=\"text-align: center;\"><span class=\"\" style=\"display:block;clear:both;height: 0px;padding-top: 20px;border-top-width:0px;border-bottom-width:0px;\"><\/span><\/p>\n<\/div><\/div><\/div><\/div><\/div>","protected":false},"excerpt":{"rendered":"<p>LEADERSHIP FOR HEALTH Gesund durch F\u00fchrung Beginnen Sie jetzt! Vom Gl\u00fcck, Verantwortung zu teilen Lesen Sie zum Thema aktuell in Psychologie Heute Unsere Mission Unsere Leistungen Das gesunde Unternehmen https:\/\/www.psychologie-heute.de\/abo-shop\/einzelhefte-jahrgaenge\/heftinhalt\/39399-psychologie-heute-62019-vom-glueck-verantwortung-zu-teilen.html<\/p>\n","protected":false},"author":1,"featured_media":0,"parent":0,"menu_order":0,"comment_status":"closed","ping_status":"closed","template":"full-width-page.php","meta":[],"_links":{"self":[{"href":"http:\/\/l4h.ruhwandl.de\/index.php?rest_route=\/wp\/v2\/pages\/61"}],"collection":[{"href":"http:\/\/l4h.ruhwandl.de\/index.php?rest_route=\/wp\/v2\/pages"}],"about":[{"href":"http:\/\/l4h.ruhwandl.de\/index.php?rest_route=\/wp\/v2\/types\/page"}],"author":[{"embeddable":true,"href":"http:\/\/l4h.ruhwandl.de\/index.php?rest_route=\/wp\/v2\/users\/1"}],"replies":[{"embeddable":true,"href":"http:\/\/l4h.ruhwandl.de\/index.php?rest_route=%2Fwp%2Fv2%2Fcomments&post=61"}],"version-history":[{"count":61,"href":"http:\/\/l4h.ruhwandl.de\/index.php?rest_route=\/wp\/v2\/pages\/61\/revisions"}],"predecessor-version":[{"id":749,"href":"http:\/\/l4h.ruhwandl.de\/index.php?rest_route=\/wp\/v2\/pages\/61\/revisions\/749"}],"wp:attachment":[{"href":"http:\/\/l4h.ruhwandl.de\/index.php?rest_route=%2Fwp%2Fv2%2Fmedia&parent=61"}],"curies":[{"name":"wp","href":"https:\/\/api.w.org\/{rel}","templated":true}]}}