{"id":54,"date":"2016-10-30T07:55:33","date_gmt":"2016-10-30T07:55:33","guid":{"rendered":"http:\/\/l4h.ruhwandl.de\/?page_id=54"},"modified":"2016-11-03T07:39:11","modified_gmt":"2016-11-03T07:39:11","slug":"referenzen","status":"publish","type":"page","link":"http:\/\/l4h.ruhwandl.de\/?page_id=54","title":{"rendered":"Referenzen"},"content":{"rendered":"<span class=\"\" style=\"display:block;clear:both;height: 0px;padding-top: 30px;border-top-width:0px;border-bottom-width:0px;\"><\/span>\n<p>Unsere Kunden kommen aus folgenden Branchen:<\/p>\n<ul>\n<li><a href=\"http:\/\/l4h.ruhwandl.de\/?page_id=94\">Automobilindustrie &gt;<\/a><\/li>\n<li><a href=\"http:\/\/l4h.ruhwandl.de\/?page_id=103\">Versicherungen &gt;<\/a><\/li>\n<li><a href=\"http:\/\/l4h.ruhwandl.de\/?page_id=103\">Finanzdienstleistung &gt;<\/a><\/li>\n<li><a href=\"http:\/\/l4h.ruhwandl.de\/?page_id=103\">Unternehmensberatung und Wirtschaftspr\u00fcfung &gt;<\/a><\/li>\n<li><a href=\"http:\/\/l4h.ruhwandl.de\/?page_id=110\">Chemische Industrie &gt;<\/a><\/li>\n<li><a href=\"http:\/\/l4h.ruhwandl.de\/?page_id=110\">Pharmaindustrie &gt;<\/a><\/li>\n<li><a href=\"http:\/\/l4h.ruhwandl.de\/?page_id=116\">IT- und Elektroindustrie &gt;<\/a><\/li>\n<li><a href=\"http:\/\/l4h.ruhwandl.de\/?page_id=123\">Energieversorgungsunternehmen &gt;<\/a><\/li>\n<li><a href=\"http:\/\/l4h.ruhwandl.de\/?page_id=110\">Lebensmittelindustrie &gt;<\/a><\/li>\n<li><a href=\"http:\/\/l4h.ruhwandl.de\/?page_id=182\">Universit\u00e4ten und Hochschulen &gt;<\/a><\/li>\n<li><a href=\"http:\/\/l4h.ruhwandl.de\/?page_id=151\">\u00d6ffentlicher Dienst &gt;<\/a><\/li>\n<li><a href=\"http:\/\/l4h.ruhwandl.de\/?page_id=286\">Hotel- und Gastst\u00e4ttenbranche &gt;<\/a><\/li>\n<li><a href=\"http:\/\/l4h.ruhwandl.de\/?page_id=287\">Handel und Speditionsbranche\/Logistik &gt;<\/a><\/li>\n<li><a href=\"http:\/\/l4h.ruhwandl.de\/?page_id=110\">Landwirtschaft &gt;<\/a><\/li>\n<\/ul>\n","protected":false},"excerpt":{"rendered":"<p>Unsere Kunden kommen aus folgenden Branchen: Automobilindustrie &gt; Versicherungen &gt; Finanzdienstleistung &gt; Unternehmensberatung und Wirtschaftspr\u00fcfung &gt; Chemische Industrie &gt; Pharmaindustrie &gt; IT- und Elektroindustrie &gt; Energieversorgungsunternehmen &gt; Lebensmittelindustrie &gt; Universit\u00e4ten und Hochschulen &gt; \u00d6ffentlicher Dienst &gt; Hotel- und Gastst\u00e4ttenbranche &gt; Handel und Speditionsbranche\/Logistik &gt; Landwirtschaft &gt;<\/p>\n","protected":false},"author":1,"featured_media":0,"parent":0,"menu_order":0,"comment_status":"closed","ping_status":"closed","template":"full-width-page.php","meta":[],"_links":{"self":[{"href":"http:\/\/l4h.ruhwandl.de\/index.php?rest_route=\/wp\/v2\/pages\/54"}],"collection":[{"href":"http:\/\/l4h.ruhwandl.de\/index.php?rest_route=\/wp\/v2\/pages"}],"about":[{"href":"http:\/\/l4h.ruhwandl.de\/index.php?rest_route=\/wp\/v2\/types\/page"}],"author":[{"embeddable":true,"href":"http:\/\/l4h.ruhwandl.de\/index.php?rest_route=\/wp\/v2\/users\/1"}],"replies":[{"embeddable":true,"href":"http:\/\/l4h.ruhwandl.de\/index.php?rest_route=%2Fwp%2Fv2%2Fcomments&post=54"}],"version-history":[{"count":9,"href":"http:\/\/l4h.ruhwandl.de\/index.php?rest_route=\/wp\/v2\/pages\/54\/revisions"}],"predecessor-version":[{"id":297,"href":"http:\/\/l4h.ruhwandl.de\/index.php?rest_route=\/wp\/v2\/pages\/54\/revisions\/297"}],"wp:attachment":[{"href":"http:\/\/l4h.ruhwandl.de\/index.php?rest_route=%2Fwp%2Fv2%2Fmedia&parent=54"}],"curies":[{"name":"wp","href":"https:\/\/api.w.org\/{rel}","templated":true}]}}