{"id":48,"date":"2016-10-30T07:49:53","date_gmt":"2016-10-30T07:49:53","guid":{"rendered":"http:\/\/l4h.ruhwandl.de\/?page_id=48"},"modified":"2016-11-02T15:18:17","modified_gmt":"2016-11-02T15:18:17","slug":"unsere-leistungen","status":"publish","type":"page","link":"http:\/\/l4h.ruhwandl.de\/?page_id=48","title":{"rendered":"Unsere Leistungen"},"content":{"rendered":"<div id=\"pl-48\"  class=\"panel-layout\" ><div id=\"pg-48-0\"  class=\"panel-grid panel-no-style\" ><div id=\"pgc-48-0-0\"  class=\"panel-grid-cell panel-grid-cell-empty\" ><\/div><\/div><div id=\"pg-48-1\"  class=\"panel-grid panel-has-style\" ><div class=\"siteorigin-panels-stretch panel-row-style panel-row-style-for-48-1\" data-stretch-type=\"full\" ><div id=\"pgc-48-1-0\"  class=\"panel-grid-cell\" ><div id=\"panel-48-1-0-0\" class=\"so-panel widget widget_black-studio-tinymce widget_black_studio_tinymce panel-first-child panel-last-child\" data-index=\"0\" ><div class=\"textwidget\"><p><span class=\"\" style=\"display:block;clear:both;height: 0px;padding-top: 20px;border-top-width:0px;border-bottom-width:0px;\"><\/span><br \/><span class=\"\" style=\"display:block;clear:both;height: 0px;padding-top: 300px;border-top-width:0px;border-bottom-width:0px;\"><\/span><\/p>\n<\/div><\/div><\/div><div id=\"pgc-48-1-1\"  class=\"panel-grid-cell\" ><div id=\"panel-48-1-1-0\" class=\"so-panel widget widget_black-studio-tinymce widget_black_studio_tinymce panel-first-child panel-last-child\" data-index=\"1\" ><div class=\"textwidget\"><p><a href=\"http:\/\/l4h.ruhwandl.de\/?page_id=207\"><img class=\"size-full wp-image-196 aligncenter\" src=\"http:\/\/l4h.ruhwandl.de\/wp-content\/uploads\/2016\/10\/Logomakr_7o15Jw-e1477943818236.png\" alt=\"logomakr_7o15jw\" width=\"201\" height=\"200\" \/><\/a><\/p>\n<h2 style=\"text-align: center;\">Wir beraten Sie, damit Ihre Unternehmen gesund bleibt<\/h2>\n<p>\u00a0<\/p>\n<p style=\"text-align: center;\"><a class=\"button primary-button\" href=\"http:\/\/l4h.ruhwandl.de\/?page_id=233\">Beratung buchen<\/a><\/p>\n<p style=\"text-align: center;\"><span class=\"\" style=\"display:block;clear:both;height: 0px;padding-top: 20px;border-top-width:0px;border-bottom-width:0px;\"><\/span><\/p>\n<\/div><\/div><\/div><\/div><\/div><div id=\"pg-48-2\"  class=\"panel-grid panel-no-style\" ><div id=\"pgc-48-2-0\"  class=\"panel-grid-cell\" ><div id=\"panel-48-2-0-0\" class=\"so-panel widget widget_black-studio-tinymce widget_black_studio_tinymce panel-first-child panel-last-child\" data-index=\"2\" ><div class=\"textwidget\"><p><a href=\"http:\/\/l4h.ruhwandl.de\/?page_id=202\"><img class=\"aligncenter size-full wp-image-193\" src=\"http:\/\/l4h.ruhwandl.de\/wp-content\/uploads\/2016\/10\/Logomakr_97em6g.png\" alt=\"logomakr_97em6g\" width=\"303\" height=\"209\" \/><\/a><\/p>\n<h2 style=\"text-align: center;\"><a href=\"http:\/\/l4h.ruhwandl.de\/?page_id=202\">Wir schulen Ihre F\u00fchrungskr\u00e4fte in gesundheitsorientierter F\u00fchrung<\/a><\/h2>\n<p>\u00a0<\/p>\n<p style=\"text-align: center;\"><a class=\"button primary-button\" href=\"http:\/\/l4h.ruhwandl.de\/?page_id=240\">Schulung buchen<\/a><\/p>\n<p style=\"text-align: center;\"><span class=\"\" style=\"display:block;clear:both;height: 0px;padding-top: 20px;border-top-width:0px;border-bottom-width:0px;\"><\/span><\/p>\n<\/div><\/div><\/div><div id=\"pgc-48-2-1\"  class=\"panel-grid-cell\" ><div id=\"panel-48-2-1-0\" class=\"so-panel widget widget_black-studio-tinymce widget_black_studio_tinymce panel-first-child panel-last-child\" data-index=\"3\" ><div class=\"textwidget\"><p><span class=\"\" style=\"display:block;clear:both;height: 0px;padding-top: 20px;border-top-width:0px;border-bottom-width:0px;\"><\/span><br \/><span class=\"\" style=\"display:block;clear:both;height: 0px;padding-top: 300px;border-top-width:0px;border-bottom-width:0px;\"><\/span><\/p>\n<\/div><\/div><\/div><\/div><div id=\"pg-48-3\"  class=\"panel-grid panel-no-style\" ><div id=\"pgc-48-3-0\"  class=\"panel-grid-cell\" ><div id=\"panel-48-3-0-0\" class=\"so-panel widget widget_black-studio-tinymce widget_black_studio_tinymce panel-first-child panel-last-child\" data-index=\"4\" ><div class=\"textwidget\"><p><span class=\"\" style=\"display:block;clear:both;height: 0px;padding-top: 20px;border-top-width:0px;border-bottom-width:0px;\"><\/span><br \/><span class=\"\" style=\"display:block;clear:both;height: 0px;padding-top: 300px;border-top-width:0px;border-bottom-width:0px;\"><\/span><\/p>\n<\/div><\/div><\/div><div id=\"pgc-48-3-1\"  class=\"panel-grid-cell\" ><div id=\"panel-48-3-1-0\" class=\"so-panel widget widget_black-studio-tinymce widget_black_studio_tinymce panel-first-child panel-last-child\" data-index=\"5\" ><div class=\"textwidget\"><h2 style=\"text-align: center;\"><a href=\"http:\/\/l4h.ruhwandl.de\/?page_id=213\"><img class=\"aligncenter  wp-image-195\" src=\"http:\/\/l4h.ruhwandl.de\/wp-content\/uploads\/2016\/10\/Logomakr_5ZEFJ0.png\" alt=\"logomakr_5zefj0\" width=\"150\" height=\"193\" \/><\/a><a href=\"http:\/\/l4h.ruhwandl.de\/?page_id=213\">Wir coachen F\u00fchrungskr\u00e4fte, damit sie gesund bleiben<\/a><\/h2>\n<p>\u00a0<\/p>\n<p style=\"text-align: center;\"><a class=\"button primary-button\" href=\"http:\/\/l4h.ruhwandl.de\/?page_id=243\">Coaching buchen<\/a><\/p>\n<p style=\"text-align: center;\"><span class=\"\" style=\"display:block;clear:both;height: 0px;padding-top: 20px;border-top-width:0px;border-bottom-width:0px;\"><\/span><\/p>\n<\/div><\/div><\/div><\/div><\/div>","protected":false},"excerpt":{"rendered":"<p>Wir beraten Sie, damit Ihre Unternehmen gesund bleibt\u00a0Beratung buchen<\/p>\n","protected":false},"author":1,"featured_media":0,"parent":0,"menu_order":0,"comment_status":"closed","ping_status":"closed","template":"full-width-page.php","meta":[],"_links":{"self":[{"href":"http:\/\/l4h.ruhwandl.de\/index.php?rest_route=\/wp\/v2\/pages\/48"}],"collection":[{"href":"http:\/\/l4h.ruhwandl.de\/index.php?rest_route=\/wp\/v2\/pages"}],"about":[{"href":"http:\/\/l4h.ruhwandl.de\/index.php?rest_route=\/wp\/v2\/types\/page"}],"author":[{"embeddable":true,"href":"http:\/\/l4h.ruhwandl.de\/index.php?rest_route=\/wp\/v2\/users\/1"}],"replies":[{"embeddable":true,"href":"http:\/\/l4h.ruhwandl.de\/index.php?rest_route=%2Fwp%2Fv2%2Fcomments&post=48"}],"version-history":[{"count":11,"href":"http:\/\/l4h.ruhwandl.de\/index.php?rest_route=\/wp\/v2\/pages\/48\/revisions"}],"predecessor-version":[{"id":265,"href":"http:\/\/l4h.ruhwandl.de\/index.php?rest_route=\/wp\/v2\/pages\/48\/revisions\/265"}],"wp:attachment":[{"href":"http:\/\/l4h.ruhwandl.de\/index.php?rest_route=%2Fwp%2Fv2%2Fmedia&parent=48"}],"curies":[{"name":"wp","href":"https:\/\/api.w.org\/{rel}","templated":true}]}}