{"id":392,"date":"2016-11-14T20:50:10","date_gmt":"2016-11-14T20:50:10","guid":{"rendered":"http:\/\/l4h.ruhwandl.de\/?page_id=392"},"modified":"2016-11-14T21:02:51","modified_gmt":"2016-11-14T21:02:51","slug":"hochschulen_","status":"publish","type":"page","link":"http:\/\/l4h.ruhwandl.de\/?page_id=392","title":{"rendered":"Hochschulen"},"content":{"rendered":"<div id=\"pl-392\"  class=\"panel-layout\" ><div id=\"pg-392-0\"  class=\"panel-grid panel-has-style\" ><div class=\"siteorigin-panels-stretch panel-row-style panel-row-style-for-392-0\" data-stretch-type=\"full\" ><div id=\"pgc-392-0-0\"  class=\"panel-grid-cell\" ><div id=\"panel-392-0-0-0\" class=\"so-panel widget widget_black-studio-tinymce widget_black_studio_tinymce panel-first-child panel-last-child\" data-index=\"0\" ><div class=\"textwidget\"><p><span class=\"\" style=\"display:block;clear:both;height: 0px;padding-top: 30px;border-top-width:0px;border-bottom-width:0px;\"><\/span><\/p>\n<h2><span style=\"color: #003366;\">Hochschulen<\/span><\/h2>\n<h3><span style=\"color: #003366;\"> <span class=\"\" style=\"display:block;clear:both;height: 0px;padding-top: 20px;border-top-width:0px;border-bottom-width:0px;\"><\/span><\/span><\/h3>\n<h3><span style=\"color: #003366;\">Ludwig Maximilians Universit\u00e4t M\u00fcnchen<\/span><br \/><span style=\"color: #003366;\"> <span class=\"\" style=\"display:block;clear:both;height: 0px;padding-top: 20px;border-top-width:0px;border-bottom-width:0px;\"><\/span><\/span><br \/><span style=\"color: #003366;\">Technische Universit\u00e4t M\u00fcnchen<\/span><br \/><span style=\"color: #003366;\"> <span class=\"\" style=\"display:block;clear:both;height: 0px;padding-top: 20px;border-top-width:0px;border-bottom-width:0px;\"><\/span><\/span><br \/><span style=\"color: #003366;\">Hochschule M\u00fcnchen<\/span><br \/><span style=\"color: #003366;\"> <span class=\"\" style=\"display:block;clear:both;height: 0px;padding-top: 20px;border-top-width:0px;border-bottom-width:0px;\"><\/span><\/span><br \/><span style=\"color: #003366;\">Munich Business School<\/span><br \/><span style=\"color: #003366;\"> <span class=\"\" style=\"display:block;clear:both;height: 0px;padding-top: 20px;border-top-width:0px;border-bottom-width:0px;\"><\/span><\/span><br \/><span style=\"color: #003366;\"> <span class=\"\" style=\"display:block;clear:both;height: 0px;padding-top: 20px;border-top-width:0px;border-bottom-width:0px;\"><\/span><\/span><br \/><span style=\"color: #003366;\"> <span class=\"\" style=\"display:block;clear:both;height: 0px;padding-top: 20px;border-top-width:0px;border-bottom-width:0px;\"><\/span><\/span><br \/><span style=\"color: #003366;\"> <span class=\"\" style=\"display:block;clear:both;height: 0px;padding-top: 600px;border-top-width:0px;border-bottom-width:0px;\"><\/span><\/span><\/h3>\n<\/div><\/div><\/div><\/div><\/div><\/div>","protected":false},"excerpt":{"rendered":"<p>Hochschulen Ludwig Maximilians Universit\u00e4t M\u00fcnchen Technische Universit\u00e4t M\u00fcnchen Hochschule M\u00fcnchen Munich Business School<\/p>\n","protected":false},"author":1,"featured_media":0,"parent":0,"menu_order":0,"comment_status":"closed","ping_status":"closed","template":"full-width-page.php","meta":[],"_links":{"self":[{"href":"http:\/\/l4h.ruhwandl.de\/index.php?rest_route=\/wp\/v2\/pages\/392"}],"collection":[{"href":"http:\/\/l4h.ruhwandl.de\/index.php?rest_route=\/wp\/v2\/pages"}],"about":[{"href":"http:\/\/l4h.ruhwandl.de\/index.php?rest_route=\/wp\/v2\/types\/page"}],"author":[{"embeddable":true,"href":"http:\/\/l4h.ruhwandl.de\/index.php?rest_route=\/wp\/v2\/users\/1"}],"replies":[{"embeddable":true,"href":"http:\/\/l4h.ruhwandl.de\/index.php?rest_route=%2Fwp%2Fv2%2Fcomments&post=392"}],"version-history":[{"count":5,"href":"http:\/\/l4h.ruhwandl.de\/index.php?rest_route=\/wp\/v2\/pages\/392\/revisions"}],"predecessor-version":[{"id":403,"href":"http:\/\/l4h.ruhwandl.de\/index.php?rest_route=\/wp\/v2\/pages\/392\/revisions\/403"}],"wp:attachment":[{"href":"http:\/\/l4h.ruhwandl.de\/index.php?rest_route=%2Fwp%2Fv2%2Fmedia&parent=392"}],"curies":[{"name":"wp","href":"https:\/\/api.w.org\/{rel}","templated":true}]}}