{"id":340,"date":"2016-11-04T18:23:30","date_gmt":"2016-11-04T18:23:30","guid":{"rendered":"http:\/\/l4h.ruhwandl.de\/?page_id=340"},"modified":"2016-11-04T19:22:14","modified_gmt":"2016-11-04T19:22:14","slug":"unsere-mission","status":"publish","type":"page","link":"http:\/\/l4h.ruhwandl.de\/?page_id=340","title":{"rendered":"Unsere Mission"},"content":{"rendered":"<div id=\"pl-340\"  class=\"panel-layout\" ><div id=\"pg-340-0\"  class=\"panel-grid panel-no-style\" ><div id=\"pgc-340-0-0\"  class=\"panel-grid-cell panel-grid-cell-empty\" ><\/div><\/div><div id=\"pg-340-1\"  class=\"panel-grid panel-no-style\" ><div id=\"pgc-340-1-0\"  class=\"panel-grid-cell\" ><div id=\"panel-340-1-0-0\" class=\"so-panel widget widget_black-studio-tinymce widget_black_studio_tinymce panel-first-child panel-last-child\" data-index=\"0\" ><div class=\"textwidget\"><p style=\"text-align: center;\"><span class=\"home-DasgesundeUnternehmen\">Unsere Mission: Ihr gesundes Unternehmen<\/span><\/p>\n<\/div><\/div><\/div><\/div><div id=\"pg-340-2\"  class=\"panel-grid panel-has-style\" ><div class=\"siteorigin-panels-stretch panel-row-style panel-row-style-for-340-2\" data-stretch-type=\"full\" ><div id=\"pgc-340-2-0\"  class=\"panel-grid-cell\" ><div id=\"panel-340-2-0-0\" class=\"so-panel widget widget_black-studio-tinymce widget_black_studio_tinymce panel-first-child panel-last-child\" data-index=\"1\" ><div class=\"textwidget\"><h2><span style=\"color: #003366;\">In Zeichen drohenden Fachkr\u00e4ftemangels spielt die Gesundheit und Zufriedenheit der Mitarbeiter eine gr\u00f6\u00dfere Rolle als je zuvor. Im amerikanischen Sprachgebrauch ist \"healthy company\" mehr als ein wirtschaftlich gesundes Unternehmen. Denn die Gesundheit der Mitarbeiter wirkt sich massiv auf den Gesch\u00e4ftserfolg aus. Allein die Kosten, die durch depressive Erkrankungen entstehen, belaufen sich auf bis zu 22 Milliarden Euro pro Jahr f\u00fcr die deutsche Volkswirtschaft. Nicht nur durch sichtbare Fehltage, sondern auch durch Minderleistung nicht ganz gesunder Mitarbeiter, die zwar zur Arbeit gehen, aber nicht ihre volle Kraft in den Job einbringen k\u00f6nnen: Hierauf entfallen mehr als 9 Milliarden Euro pro Jahr.<\/span><br \/><span class=\"\" style=\"display:block;clear:both;height: 0px;padding-top: 20px;border-top-width:0px;border-bottom-width:0px;\"><\/span><br \/><span style=\"color: #003366;\">Mit gesundheits- und erfolgsorientierter F\u00fchrung k\u00f6nnen Sie ihr Unternehmen fit machen f\u00fcr die Zukunft. Wir unterst\u00fctzen Sie gerne dabei.<\/span><\/h2>\n<\/div><\/div><\/div><\/div><\/div><div id=\"pg-340-3\"  class=\"panel-grid panel-no-style\" ><div id=\"pgc-340-3-0\"  class=\"panel-grid-cell\" ><div id=\"panel-340-3-0-0\" class=\"so-panel widget widget_black-studio-tinymce widget_black_studio_tinymce panel-first-child panel-last-child\" data-index=\"2\" ><div class=\"textwidget\"><p><a href=\"http:\/\/l4h.ruhwandl.de\/?page_id=202\"><img class=\"size-full wp-image-193 aligncenter\" src=\"http:\/\/l4h.ruhwandl.de\/wp-content\/uploads\/2016\/10\/Logomakr_97em6g.png\" alt=\"logomakr_97em6g\" width=\"303\" height=\"209\" \/><\/a><\/p>\n<h2 style=\"text-align: center;\"><a href=\"http:\/\/l4h.ruhwandl.de\/?page_id=202\">F\u00fchrungskr\u00e4fteschulung<\/a><\/h2>\n<p style=\"text-align: center;\">F\u00fcr F\u00fchrungskr\u00e4fte aller Ebenen als Basis Ihres gesunden Unternehmens<\/p>\n<p style=\"text-align: center;\"><a class=\"button primary-button\" href=\"http:\/\/l4h.ruhwandl.de\/?page_id=240\">Schulung buchen<\/a><\/p>\n<p style=\"text-align: center;\"><span class=\"\" style=\"display:block;clear:both;height: 0px;padding-top: 20px;border-top-width:0px;border-bottom-width:0px;\"><\/span><\/p>\n<\/div><\/div><\/div><div id=\"pgc-340-3-1\"  class=\"panel-grid-cell\" ><div id=\"panel-340-3-1-0\" class=\"so-panel widget widget_black-studio-tinymce widget_black_studio_tinymce panel-first-child panel-last-child\" data-index=\"3\" ><div class=\"textwidget\"><p><a href=\"http:\/\/l4h.ruhwandl.de\/?page_id=207\"><img class=\"aligncenter size-full wp-image-196\" src=\"http:\/\/l4h.ruhwandl.de\/wp-content\/uploads\/2016\/10\/Logomakr_7o15Jw-e1477943818236.png\" alt=\"logomakr_7o15jw\" width=\"194\" height=\"194\" \/><\/a><\/p>\n<h2 style=\"text-align: center;\"><a href=\"http:\/\/l4h.ruhwandl.de\/?page_id=207\">Organisationsberatung<\/a><\/h2>\n<p style=\"text-align: center;\">Die Strategie f\u00fcr Ihr gesundes Unternehmen<\/p>\n<p style=\"text-align: center;\"><a class=\"button primary-button\" href=\"http:\/\/l4h.ruhwandl.de\/?page_id=233\">Beratung buchen<\/a><\/p>\n<p style=\"text-align: center;\"><span class=\"\" style=\"display:block;clear:both;height: 0px;padding-top: 20px;border-top-width:0px;border-bottom-width:0px;\"><\/span><\/p>\n<\/div><\/div><\/div><div id=\"pgc-340-3-2\"  class=\"panel-grid-cell\" ><div id=\"panel-340-3-2-0\" class=\"so-panel widget widget_black-studio-tinymce widget_black_studio_tinymce panel-first-child panel-last-child\" data-index=\"4\" ><div class=\"textwidget\"><p><a href=\"http:\/\/l4h.ruhwandl.de\/?page_id=213\"><img class=\"aligncenter wp-image-195\" src=\"http:\/\/l4h.ruhwandl.de\/wp-content\/uploads\/2016\/10\/Logomakr_5ZEFJ0.png\" alt=\"logomakr_5zefj0\" width=\"150\" height=\"192\" \/><\/a><\/p>\n<h2 style=\"text-align: center;\"><a href=\"http:\/\/l4h.ruhwandl.de\/?page_id=213\">Coaching<\/a><\/h2>\n<p style=\"text-align: center;\">Gesundheitscoaching f\u00fcr F\u00fchrungskr\u00e4fte<\/p>\n<p style=\"text-align: center;\"><a class=\"button primary-button\" href=\"http:\/\/l4h.ruhwandl.de\/?page_id=243\">Coaching buchen<\/a><\/p>\n<p style=\"text-align: center;\"><span class=\"\" style=\"display:block;clear:both;height: 0px;padding-top: 20px;border-top-width:0px;border-bottom-width:0px;\"><\/span><\/p>\n<\/div><\/div><\/div><\/div><\/div>","protected":false},"excerpt":{"rendered":"<p>Unsere Mission: Ihr gesundes Unternehmen<\/p>\n","protected":false},"author":1,"featured_media":0,"parent":0,"menu_order":0,"comment_status":"closed","ping_status":"closed","template":"full-width-page.php","meta":[],"_links":{"self":[{"href":"http:\/\/l4h.ruhwandl.de\/index.php?rest_route=\/wp\/v2\/pages\/340"}],"collection":[{"href":"http:\/\/l4h.ruhwandl.de\/index.php?rest_route=\/wp\/v2\/pages"}],"about":[{"href":"http:\/\/l4h.ruhwandl.de\/index.php?rest_route=\/wp\/v2\/types\/page"}],"author":[{"embeddable":true,"href":"http:\/\/l4h.ruhwandl.de\/index.php?rest_route=\/wp\/v2\/users\/1"}],"replies":[{"embeddable":true,"href":"http:\/\/l4h.ruhwandl.de\/index.php?rest_route=%2Fwp%2Fv2%2Fcomments&post=340"}],"version-history":[{"count":16,"href":"http:\/\/l4h.ruhwandl.de\/index.php?rest_route=\/wp\/v2\/pages\/340\/revisions"}],"predecessor-version":[{"id":359,"href":"http:\/\/l4h.ruhwandl.de\/index.php?rest_route=\/wp\/v2\/pages\/340\/revisions\/359"}],"wp:attachment":[{"href":"http:\/\/l4h.ruhwandl.de\/index.php?rest_route=%2Fwp%2Fv2%2Fmedia&parent=340"}],"curies":[{"name":"wp","href":"https:\/\/api.w.org\/{rel}","templated":true}]}}