{"id":299,"date":"2016-11-03T07:56:15","date_gmt":"2016-11-03T07:56:15","guid":{"rendered":"http:\/\/l4h.ruhwandl.de\/?page_id=299"},"modified":"2016-11-06T13:05:29","modified_gmt":"2016-11-06T13:05:29","slug":"pro-bono","status":"publish","type":"page","link":"http:\/\/l4h.ruhwandl.de\/?page_id=299","title":{"rendered":"Pro bono"},"content":{"rendered":"<div id=\"pl-299\"  class=\"panel-layout\" ><div id=\"pg-299-0\"  class=\"panel-grid panel-has-style\" ><div class=\"siteorigin-panels-stretch panel-row-style panel-row-style-for-299-0\" data-stretch-type=\"full\" ><div id=\"pgc-299-0-0\"  class=\"panel-grid-cell\" ><div id=\"panel-299-0-0-0\" class=\"so-panel widget widget_black-studio-tinymce widget_black_studio_tinymce panel-first-child panel-last-child\" data-index=\"0\" ><div class=\"textwidget\"><h3><span style=\"color: #003366;\"> <span class=\"\" style=\"display:block;clear:both;height: 0px;padding-top: 20px;border-top-width:0px;border-bottom-width:0px;\"><\/span><\/span><\/h3>\n<h2><span style=\"color: #003366;\">Pro bono (Auswahl)<\/span><\/h2>\n<h3><span style=\"color: #003366;\"> <span class=\"\" style=\"display:block;clear:both;height: 0px;padding-top: 20px;border-top-width:0px;border-bottom-width:0px;\"><\/span><\/span><\/h3>\n<h3><span style=\"color: #003366;\">Alzheimer Gesellschaft<\/span><br \/><span style=\"color: #003366;\"> <span class=\"\" style=\"display:block;clear:both;height: 0px;padding-top: 20px;border-top-width:0px;border-bottom-width:0px;\"><\/span><\/span><br \/><span style=\"color: #003366;\"> M\u00fcnchner B\u00fcndnis gegen Depression<\/span><br \/><span style=\"color: #003366;\"> <span class=\"\" style=\"display:block;clear:both;height: 0px;padding-top: 20px;border-top-width:0px;border-bottom-width:0px;\"><\/span><\/span><br \/><span style=\"color: #003366;\"> Knappschaft<\/span><br \/><span style=\"color: #003366;\"> <span class=\"\" style=\"display:block;clear:both;height: 0px;padding-top: 20px;border-top-width:0px;border-bottom-width:0px;\"><\/span><\/span><br \/><span style=\"color: #003366;\"> Vorarlberger Kinderdorf GmbH<\/span><br \/><span style=\"color: #003366;\"> <span class=\"\" style=\"display:block;clear:both;height: 0px;padding-top: 20px;border-top-width:0px;border-bottom-width:0px;\"><\/span><\/span><br \/><span style=\"color: #003366;\"> Greencity<\/span><br \/><span style=\"color: #003366;\"> <span class=\"\" style=\"display:block;clear:both;height: 0px;padding-top: 20px;border-top-width:0px;border-bottom-width:0px;\"><\/span><\/span><br \/><span style=\"color: #003366;\"> Robert-Bosch Fachoberschule<\/span><br \/><span style=\"color: #003366;\"> <span class=\"\" style=\"display:block;clear:both;height: 0px;padding-top: 20px;border-top-width:0px;border-bottom-width:0px;\"><\/span><\/span><br \/><span style=\"color: #003366;\"> Hochschule f\u00fcr angewandte Sprachen M\u00fcnchen<\/span><br \/><span style=\"color: #003366;\"> <span class=\"\" style=\"display:block;clear:both;height: 0px;padding-top: 20px;border-top-width:0px;border-bottom-width:0px;\"><\/span><\/span><br \/><span style=\"color: #003366;\"> Frauen Gesundheitszentrum M\u00fcnchen<\/span><br \/><span style=\"color: #003366;\"> <span class=\"\" style=\"display:block;clear:both;height: 0px;padding-top: 20px;border-top-width:0px;border-bottom-width:0px;\"><\/span><\/span><br \/><span style=\"color: #003366;\"> Immanuel-Nazareth Kirchengemeinde<\/span><br \/><span style=\"color: #003366;\"> <span class=\"\" style=\"display:block;clear:both;height: 0px;padding-top: 600px;border-top-width:0px;border-bottom-width:0px;\"><\/span><\/span><\/h3>\n<\/div><\/div><\/div><\/div><\/div><\/div>","protected":false},"excerpt":{"rendered":"<p>Pro bono (Auswahl) Alzheimer Gesellschaft M\u00fcnchner B\u00fcndnis gegen Depression Knappschaft Vorarlberger Kinderdorf GmbH Greencity Robert-Bosch Fachoberschule Hochschule f\u00fcr angewandte Sprachen M\u00fcnchen Frauen Gesundheitszentrum M\u00fcnchen Immanuel-Nazareth Kirchengemeinde<\/p>\n","protected":false},"author":1,"featured_media":0,"parent":0,"menu_order":0,"comment_status":"closed","ping_status":"closed","template":"full-width-page.php","meta":[],"_links":{"self":[{"href":"http:\/\/l4h.ruhwandl.de\/index.php?rest_route=\/wp\/v2\/pages\/299"}],"collection":[{"href":"http:\/\/l4h.ruhwandl.de\/index.php?rest_route=\/wp\/v2\/pages"}],"about":[{"href":"http:\/\/l4h.ruhwandl.de\/index.php?rest_route=\/wp\/v2\/types\/page"}],"author":[{"embeddable":true,"href":"http:\/\/l4h.ruhwandl.de\/index.php?rest_route=\/wp\/v2\/users\/1"}],"replies":[{"embeddable":true,"href":"http:\/\/l4h.ruhwandl.de\/index.php?rest_route=%2Fwp%2Fv2%2Fcomments&post=299"}],"version-history":[{"count":6,"href":"http:\/\/l4h.ruhwandl.de\/index.php?rest_route=\/wp\/v2\/pages\/299\/revisions"}],"predecessor-version":[{"id":311,"href":"http:\/\/l4h.ruhwandl.de\/index.php?rest_route=\/wp\/v2\/pages\/299\/revisions\/311"}],"wp:attachment":[{"href":"http:\/\/l4h.ruhwandl.de\/index.php?rest_route=%2Fwp%2Fv2%2Fmedia&parent=299"}],"curies":[{"name":"wp","href":"https:\/\/api.w.org\/{rel}","templated":true}]}}