{"id":233,"date":"2016-10-31T21:11:29","date_gmt":"2016-10-31T21:11:29","guid":{"rendered":"http:\/\/l4h.ruhwandl.de\/?page_id=233"},"modified":"2016-11-02T15:43:25","modified_gmt":"2016-11-02T15:43:25","slug":"bucheberatung","status":"publish","type":"page","link":"http:\/\/l4h.ruhwandl.de\/?page_id=233","title":{"rendered":"Beratung buchen"},"content":{"rendered":"<div id=\"pl-233\"  class=\"panel-layout\" ><div id=\"pg-233-0\"  class=\"panel-grid panel-no-style\" ><div id=\"pgc-233-0-0\"  class=\"panel-grid-cell\" ><div id=\"panel-233-0-0-0\" class=\"so-panel widget widget_black-studio-tinymce widget_black_studio_tinymce panel-first-child panel-last-child\" data-index=\"0\" ><div class=\"textwidget\"><p><span class=\"\" style=\"display:block;clear:both;height: 0px;padding-top: 20px;border-top-width:0px;border-bottom-width:0px;\"><\/span><\/p>\n<h2><span style=\"color: #003366;\">Sie m\u00f6chten sich von uns beraten lassen, wie Sie ihr Unternehmen noch ges\u00fcnder aufstellen k\u00f6nnen? <\/span><\/h2>\n<h2><span style=\"color: #003366;\">Wir stellen Ihnen ein passend zugeschnittenes Programm zusammen, das Ihr Unternehmen auf dem Arbeitsmarkt attraktiv macht und Ihnen einen hohen Return on Investment bietet. Nehmen Sie Kontakt mit uns auf.<\/span><\/h2>\n<\/div><\/div><\/div><\/div><div id=\"pg-233-1\"  class=\"panel-grid panel-no-style\" ><div id=\"pgc-233-1-0\"  class=\"panel-grid-cell\" ><div id=\"panel-233-1-0-0\" class=\"so-panel widget widget_black-studio-tinymce widget_black_studio_tinymce panel-first-child panel-last-child\" data-index=\"1\" ><div class=\"textwidget\"><p><div class=\"wpcf7 no-js\" id=\"wpcf7-f266-o1\" lang=\"de-DE\" dir=\"ltr\">\n<div class=\"screen-reader-response\"><p role=\"status\" aria-live=\"polite\" aria-atomic=\"true\"><\/p> <ul><\/ul><\/div>\n<form action=\"\/index.php?rest_route=%2Fwp%2Fv2%2Fpages%2F233#wpcf7-f266-o1\" method=\"post\" class=\"wpcf7-form init\" aria-label=\"Kontaktformular\" novalidate=\"novalidate\" data-status=\"init\">\n<div style=\"display: none;\">\n<input type=\"hidden\" name=\"_wpcf7\" value=\"266\" \/>\n<input type=\"hidden\" name=\"_wpcf7_version\" value=\"5.7.2\" \/>\n<input type=\"hidden\" name=\"_wpcf7_locale\" value=\"de_DE\" \/>\n<input type=\"hidden\" name=\"_wpcf7_unit_tag\" value=\"wpcf7-f266-o1\" \/>\n<input type=\"hidden\" name=\"_wpcf7_container_post\" value=\"0\" \/>\n<input type=\"hidden\" name=\"_wpcf7_posted_data_hash\" value=\"\" \/>\n<\/div>\n<p><label> Ihr Name (Pflichtfeld)<br \/>\n<span class=\"wpcf7-form-control-wrap\" data-name=\"your-name\"><input size=\"40\" class=\"wpcf7-form-control wpcf7-text wpcf7-validates-as-required\" aria-required=\"true\" aria-invalid=\"false\" value=\"\" type=\"text\" name=\"your-name\" \/><\/span> <\/label>\n<\/p>\n<p><label> Ihre E-Mail-Adresse (Pflichtfeld)<br \/>\n<span class=\"wpcf7-form-control-wrap\" data-name=\"your-email\"><input size=\"40\" class=\"wpcf7-form-control wpcf7-text wpcf7-email wpcf7-validates-as-required wpcf7-validates-as-email\" aria-required=\"true\" aria-invalid=\"false\" value=\"\" type=\"email\" name=\"your-email\" \/><\/span> <\/label>\n<\/p>\n<p><label> Wir m\u00f6chten eine Beratung buchen<br \/>\n<span class=\"wpcf7-form-control-wrap\" data-name=\"your-subject\"><input size=\"40\" class=\"wpcf7-form-control wpcf7-text\" aria-invalid=\"false\" value=\"\" type=\"text\" name=\"your-subject\" \/><\/span> <\/label>\n<\/p>\n<p><label> Ihre Nachricht<br \/>\n<span class=\"wpcf7-form-control-wrap\" data-name=\"your-message\"><textarea cols=\"40\" rows=\"10\" class=\"wpcf7-form-control wpcf7-textarea\" aria-invalid=\"false\" name=\"your-message\"><\/textarea><\/span> <\/label>\n<\/p>\n<p><input class=\"wpcf7-form-control has-spinner wpcf7-submit\" type=\"submit\" value=\"Senden\" \/>\n<\/p><div class=\"wpcf7-response-output\" aria-hidden=\"true\"><\/div><\/form><\/div><\/p>\n<\/div><\/div><\/div><\/div><\/div>","protected":false},"excerpt":{"rendered":"<p>Sie m\u00f6chten sich von uns beraten lassen, wie Sie ihr Unternehmen noch ges\u00fcnder aufstellen k\u00f6nnen? Wir stellen Ihnen ein passend zugeschnittenes Programm zusammen, das Ihr Unternehmen auf dem Arbeitsmarkt attraktiv macht und Ihnen einen hohen Return on Investment bietet. Nehmen Sie Kontakt mit uns auf.<\/p>\n","protected":false},"author":1,"featured_media":0,"parent":0,"menu_order":0,"comment_status":"closed","ping_status":"closed","template":"full-width-page.php","meta":[],"_links":{"self":[{"href":"http:\/\/l4h.ruhwandl.de\/index.php?rest_route=\/wp\/v2\/pages\/233"}],"collection":[{"href":"http:\/\/l4h.ruhwandl.de\/index.php?rest_route=\/wp\/v2\/pages"}],"about":[{"href":"http:\/\/l4h.ruhwandl.de\/index.php?rest_route=\/wp\/v2\/types\/page"}],"author":[{"embeddable":true,"href":"http:\/\/l4h.ruhwandl.de\/index.php?rest_route=\/wp\/v2\/users\/1"}],"replies":[{"embeddable":true,"href":"http:\/\/l4h.ruhwandl.de\/index.php?rest_route=%2Fwp%2Fv2%2Fcomments&post=233"}],"version-history":[{"count":10,"href":"http:\/\/l4h.ruhwandl.de\/index.php?rest_route=\/wp\/v2\/pages\/233\/revisions"}],"predecessor-version":[{"id":274,"href":"http:\/\/l4h.ruhwandl.de\/index.php?rest_route=\/wp\/v2\/pages\/233\/revisions\/274"}],"wp:attachment":[{"href":"http:\/\/l4h.ruhwandl.de\/index.php?rest_route=%2Fwp%2Fv2%2Fmedia&parent=233"}],"curies":[{"name":"wp","href":"https:\/\/api.w.org\/{rel}","templated":true}]}}