{"id":213,"date":"2016-10-31T20:10:17","date_gmt":"2016-10-31T20:10:17","guid":{"rendered":"http:\/\/l4h.ruhwandl.de\/?page_id=213"},"modified":"2019-10-28T09:01:05","modified_gmt":"2019-10-28T09:01:05","slug":"coaching","status":"publish","type":"page","link":"http:\/\/l4h.ruhwandl.de\/?page_id=213","title":{"rendered":"Coaching"},"content":{"rendered":"<div id=\"pl-213\"  class=\"panel-layout\" ><div id=\"pg-213-0\"  class=\"panel-grid panel-no-style\" ><div id=\"pgc-213-0-0\"  class=\"panel-grid-cell panel-grid-cell-empty\" ><\/div><\/div><div id=\"pg-213-1\"  class=\"panel-grid panel-no-style\" ><div id=\"pgc-213-1-0\"  class=\"panel-grid-cell\" ><div id=\"panel-213-1-0-0\" class=\"so-panel widget widget_black-studio-tinymce widget_black_studio_tinymce panel-first-child panel-last-child\" data-index=\"0\" ><div class=\"textwidget\"><p><span class=\"\" style=\"display:block;clear:both;height: 0px;padding-top: 80px;border-top-width:0px;border-bottom-width:0px;\"><\/span><img class=\"aligncenter  wp-image-195\" src=\"http:\/\/l4h.ruhwandl.de\/wp-content\/uploads\/2016\/10\/Logomakr_5ZEFJ0.png\" alt=\"logomakr_5zefj0\" width=\"296\" height=\"380\" \/><span class=\"\" style=\"display:block;clear:both;height: 0px;padding-top: 20px;border-top-width:0px;border-bottom-width:0px;\"><\/span><\/p>\n<p style=\"text-align: center;\"><a class=\"button primary-button\" href=\"http:\/\/l4h.ruhwandl.de\/?page_id=243\">Coaching buchen<\/a><\/p>\n<p style=\"text-align: center;\"><span class=\"\" style=\"display:block;clear:both;height: 0px;padding-top: 20px;border-top-width:0px;border-bottom-width:0px;\"><\/span><\/p>\n<\/div><\/div><\/div><div id=\"pgc-213-1-1\"  class=\"panel-grid-cell\" ><div id=\"panel-213-1-1-0\" class=\"so-panel widget widget_black-studio-tinymce widget_black_studio_tinymce panel-first-child panel-last-child\" data-index=\"1\" ><div class=\"textwidget\"><p><span class=\"\" style=\"display:block;clear:both;height: 0px;padding-top: 20px;border-top-width:0px;border-bottom-width:0px;\"><\/span><\/p>\n<p><span style=\"color: #003366;\">Als ergebnis- und l\u00f6sungsorientierte Beratungsform dient Coaching der Steigerung und dem Erhalt der Leistungsf\u00e4higkeit. Coaching unterst\u00fctzt die Verbesserung der beruflichen Situation und das Gestalten von Rollen unter anspruchsvollen Bedingungen.<\/span><\/p>\n<p><span class=\"\" style=\"display:block;clear:both;height: 0px;padding-top: 20px;border-top-width:0px;border-bottom-width:0px;\"><\/span><\/p>\n<p><span style=\"color: #003366;\">Fokus unserer Coachingarbeit ist neben der Steigerung und dem Erhalt der Leistungsf\u00e4higkeit <strong>die <\/strong>Gesundheit des Unternehmens und aller Mitarbeiter und F\u00fchrungskr\u00e4fte. Skills werden ausgebaut, F\u00e4higkeiten zum langfristiger Erhalt von Freude am und im Arbeiten wird gest\u00e4rkt. Das kann sowohl im Einzel- als auch im Team-Coaching erfolgen. Bew\u00e4hrt haben sich insbesondere F\u00fchrungsteam-Coachings, die den gr\u00f6\u00dften Return-on-Investment versprechen.<br \/>\n<\/span><\/p>\n<p><span class=\"\" style=\"display:block;clear:both;height: 0px;padding-top: 20px;border-top-width:0px;border-bottom-width:0px;\"><\/span><\/p>\n<p><span style=\"color: #003366;\">Durch Anleitung zur Selbstreflexion und Selbstwahrnehmung wird die Weiterentwicklung von individuellen und kollektiven Lern- und Leistungsprozessen beschleunigt. Die selbstgesteuerte Erweiterung bzw. Verbesserung der M\u00f6glichkeiten des Einzelnen und des Teams werden sichtbar gemacht. Der Coach erm\u00f6glicht das Erkennen von Problemursachen und dient daher zur Identifikation und L\u00f6sung der zum Problem f\u00fchrenden Prozesse.\u00a0<\/span><\/p>\n<\/div><\/div><\/div><\/div><div id=\"pg-213-2\"  class=\"panel-grid panel-no-style\" ><div id=\"pgc-213-2-0\"  class=\"panel-grid-cell panel-grid-cell-empty\" ><\/div><\/div><\/div>","protected":false},"excerpt":{"rendered":"<p>Coaching buchen Als ergebnis- und l\u00f6sungsorientierte Beratungsform dient Coaching der Steigerung und dem Erhalt der Leistungsf\u00e4higkeit. Coaching unterst\u00fctzt die Verbesserung der beruflichen Situation und das Gestalten von Rollen unter anspruchsvollen Bedingungen. Fokus unserer Coachingarbeit ist neben der Steigerung und dem Erhalt der Leistungsf\u00e4higkeit die Gesundheit des Unternehmens und aller Mitarbeiter und F\u00fchrungskr\u00e4fte. Skills werden ausgebaut,&#8230;<\/p>\n","protected":false},"author":1,"featured_media":0,"parent":0,"menu_order":0,"comment_status":"closed","ping_status":"closed","template":"full-width-page.php","meta":[],"_links":{"self":[{"href":"http:\/\/l4h.ruhwandl.de\/index.php?rest_route=\/wp\/v2\/pages\/213"}],"collection":[{"href":"http:\/\/l4h.ruhwandl.de\/index.php?rest_route=\/wp\/v2\/pages"}],"about":[{"href":"http:\/\/l4h.ruhwandl.de\/index.php?rest_route=\/wp\/v2\/types\/page"}],"author":[{"embeddable":true,"href":"http:\/\/l4h.ruhwandl.de\/index.php?rest_route=\/wp\/v2\/users\/1"}],"replies":[{"embeddable":true,"href":"http:\/\/l4h.ruhwandl.de\/index.php?rest_route=%2Fwp%2Fv2%2Fcomments&post=213"}],"version-history":[{"count":9,"href":"http:\/\/l4h.ruhwandl.de\/index.php?rest_route=\/wp\/v2\/pages\/213\/revisions"}],"predecessor-version":[{"id":757,"href":"http:\/\/l4h.ruhwandl.de\/index.php?rest_route=\/wp\/v2\/pages\/213\/revisions\/757"}],"wp:attachment":[{"href":"http:\/\/l4h.ruhwandl.de\/index.php?rest_route=%2Fwp%2Fv2%2Fmedia&parent=213"}],"curies":[{"name":"wp","href":"https:\/\/api.w.org\/{rel}","templated":true}]}}