{"id":207,"date":"2016-10-31T20:02:02","date_gmt":"2016-10-31T20:02:02","guid":{"rendered":"http:\/\/l4h.ruhwandl.de\/?page_id=207"},"modified":"2016-11-14T21:21:01","modified_gmt":"2016-11-14T21:21:01","slug":"beratung","status":"publish","type":"page","link":"http:\/\/l4h.ruhwandl.de\/?page_id=207","title":{"rendered":"Beratung"},"content":{"rendered":"<div id=\"pl-207\"  class=\"panel-layout\" ><div id=\"pg-207-0\"  class=\"panel-grid panel-no-style\" ><div id=\"pgc-207-0-0\"  class=\"panel-grid-cell panel-grid-cell-empty\" ><\/div><\/div><div id=\"pg-207-1\"  class=\"panel-grid panel-no-style\" ><div id=\"pgc-207-1-0\"  class=\"panel-grid-cell\" ><div id=\"panel-207-1-0-0\" class=\"so-panel widget widget_black-studio-tinymce widget_black_studio_tinymce panel-first-child panel-last-child\" data-index=\"0\" ><div class=\"textwidget\"><p><span class=\"\" style=\"display:block;clear:both;height: 0px;padding-top: 80px;border-top-width:0px;border-bottom-width:0px;\"><\/span><img class=\"aligncenter  wp-image-196\" src=\"http:\/\/l4h.ruhwandl.de\/wp-content\/uploads\/2016\/10\/Logomakr_7o15Jw-e1477943818236.png\" alt=\"logomakr_7o15jw\" width=\"275\" height=\"274\" \/><\/p>\n<p><span class=\"\" style=\"display:block;clear:both;height: 0px;padding-top: 20px;border-top-width:0px;border-bottom-width:0px;\"><\/span><\/p>\n<p style=\"text-align: center;\"><a class=\"button primary-button\" href=\"http:\/\/l4h.ruhwandl.de\/?page_id=233\">Beratung buchen<\/a><\/p>\n<p style=\"text-align: center;\"><span class=\"\" style=\"display:block;clear:both;height: 0px;padding-top: 20px;border-top-width:0px;border-bottom-width:0px;\"><\/span><\/p>\n<\/div><\/div><\/div><div id=\"pgc-207-1-1\"  class=\"panel-grid-cell\" ><div id=\"panel-207-1-1-0\" class=\"so-panel widget widget_black-studio-tinymce widget_black_studio_tinymce panel-first-child panel-last-child\" data-index=\"1\" ><div class=\"textwidget\"><p><span style=\"color: #003366;\"><span class=\"\" style=\"display:block;clear:both;height: 0px;padding-top: 20px;border-top-width:0px;border-bottom-width:0px;\"><\/span><\/span><\/p>\n<p><span style=\"color: #003366;\">Wenn Sie m\u00f6chten, dass Ihr Unternehmen nachhaltig gesund agieren kann, ist es sinnvoll, das Thema \"Gesunde und erfolgsorientierte F\u00fchrung\" strukturiert aufzubauen.<\/span><\/p>\n<p>\u00a0<\/p>\n<p><span style=\"color: #003366;\">In diesem Fall empfehlen wir, das Thema systematisch durch alle Ebenen sichtbar zu machen und parallele Themen wie Pers\u00f6nlichkeitsentwicklung und Leistungsoptimierung optimal damit zu verkn\u00fcpfen.<\/span><\/p>\n<p>\u00a0<\/p>\n<p><span style=\"color: #003366;\">Wir bieten Ihnen daher im Trainerverbund Organisationsberatung an, die Sie fit macht f\u00fcr die n\u00e4chsten Herausforderungen und Ihrem Unternehmen auch in Zeiten kommenden Fachkr\u00e4ftemangels\u00a0 leistungsf\u00e4hige, zufriedenen und motivierte MItarbeiter sichert.<\/span><\/p>\n<\/div><\/div><\/div><\/div><div id=\"pg-207-2\"  class=\"panel-grid panel-no-style\" ><div id=\"pgc-207-2-0\"  class=\"panel-grid-cell panel-grid-cell-empty\" ><\/div><\/div><\/div>","protected":false},"excerpt":{"rendered":"<p>Beratung buchen Wenn Sie m\u00f6chten, dass Ihr Unternehmen nachhaltig gesund agieren kann, ist es sinnvoll, das Thema &#8222;Gesunde und erfolgsorientierte F\u00fchrung&#8220; strukturiert aufzubauen.\u00a0In diesem Fall empfehlen wir, das Thema systematisch durch alle Ebenen sichtbar zu machen und parallele Themen wie Pers\u00f6nlichkeitsentwicklung und Leistungsoptimierung optimal damit zu verkn\u00fcpfen.\u00a0Wir bieten Ihnen daher im Trainerverbund Organisationsberatung an, die&#8230;<\/p>\n","protected":false},"author":1,"featured_media":0,"parent":0,"menu_order":0,"comment_status":"closed","ping_status":"closed","template":"full-width-page.php","meta":[],"_links":{"self":[{"href":"http:\/\/l4h.ruhwandl.de\/index.php?rest_route=\/wp\/v2\/pages\/207"}],"collection":[{"href":"http:\/\/l4h.ruhwandl.de\/index.php?rest_route=\/wp\/v2\/pages"}],"about":[{"href":"http:\/\/l4h.ruhwandl.de\/index.php?rest_route=\/wp\/v2\/types\/page"}],"author":[{"embeddable":true,"href":"http:\/\/l4h.ruhwandl.de\/index.php?rest_route=\/wp\/v2\/users\/1"}],"replies":[{"embeddable":true,"href":"http:\/\/l4h.ruhwandl.de\/index.php?rest_route=%2Fwp%2Fv2%2Fcomments&post=207"}],"version-history":[{"count":8,"href":"http:\/\/l4h.ruhwandl.de\/index.php?rest_route=\/wp\/v2\/pages\/207\/revisions"}],"predecessor-version":[{"id":409,"href":"http:\/\/l4h.ruhwandl.de\/index.php?rest_route=\/wp\/v2\/pages\/207\/revisions\/409"}],"wp:attachment":[{"href":"http:\/\/l4h.ruhwandl.de\/index.php?rest_route=%2Fwp%2Fv2%2Fmedia&parent=207"}],"curies":[{"name":"wp","href":"https:\/\/api.w.org\/{rel}","templated":true}]}}