{"id":151,"date":"2016-10-30T15:13:40","date_gmt":"2016-10-30T15:13:40","guid":{"rendered":"http:\/\/l4h.ruhwandl.de\/?page_id=151"},"modified":"2016-11-06T13:05:16","modified_gmt":"2016-11-06T13:05:16","slug":"oeffentlicher-dienst","status":"publish","type":"page","link":"http:\/\/l4h.ruhwandl.de\/?page_id=151","title":{"rendered":"Oeffentlicher Dienst"},"content":{"rendered":"<div id=\"pl-151\"  class=\"panel-layout\" ><div id=\"pg-151-0\"  class=\"panel-grid panel-has-style\" ><div class=\"siteorigin-panels-stretch panel-row-style panel-row-style-for-151-0\" data-stretch-type=\"full\" ><div id=\"pgc-151-0-0\"  class=\"panel-grid-cell\" ><div id=\"panel-151-0-0-0\" class=\"so-panel widget widget_black-studio-tinymce widget_black_studio_tinymce panel-first-child panel-last-child\" data-index=\"0\" ><div class=\"textwidget\"><p><strong><span style=\"color: #000000;\"> <span class=\"\" style=\"display:block;clear:both;height: 0px;padding-top: 30px;border-top-width:0px;border-bottom-width:0px;\"><\/span><\/span><\/strong><\/p>\n<h2><strong><span style=\"color: #000000;\">\u00d6ffentlicher Dienst (Auswahl)<\/span><\/strong><\/h2>\n<p><strong><span style=\"color: #000000;\"> <span class=\"\" style=\"display:block;clear:both;height: 0px;padding-top: 20px;border-top-width:0px;border-bottom-width:0px;\"><\/span><\/span><\/strong><\/p>\n<h3><strong><span style=\"color: #000000;\">Landeshauptstadt M\u00fcnchen<\/span><\/strong><br \/><strong><span style=\"color: #000000;\"> <span class=\"\" style=\"display:block;clear:both;height: 0px;padding-top: 20px;border-top-width:0px;border-bottom-width:0px;\"><\/span><\/span><\/strong><br \/><strong><span style=\"color: #000000;\">Landeshauptstadt Stuttgart<\/span><\/strong><br \/><strong><span style=\"color: #000000;\"> <span class=\"\" style=\"display:block;clear:both;height: 0px;padding-top: 20px;border-top-width:0px;border-bottom-width:0px;\"><\/span><\/span><\/strong><br \/><strong><span style=\"color: #000000;\">Kulturministerium Baden-W\u00fcrttemberg<\/span><\/strong><br \/><strong><span style=\"color: #000000;\"> <span class=\"\" style=\"display:block;clear:both;height: 0px;padding-top: 20px;border-top-width:0px;border-bottom-width:0px;\"><\/span><\/span><\/strong><\/h3>\n<h3><strong><span style=\"color: #000000;\">Stadtverwaltung Freiburg<\/span><\/strong><br \/><strong><span style=\"color: #000000;\"> <span class=\"\" style=\"display:block;clear:both;height: 0px;padding-top: 20px;border-top-width:0px;border-bottom-width:0px;\"><\/span><\/span><\/strong><\/h3>\n<h3><strong><span style=\"color: #000000;\">Verband der F\u00fchrungskr\u00e4fte Deutscher Bahnen<\/span><\/strong><br \/><strong><span style=\"color: #000000;\"> <span class=\"\" style=\"display:block;clear:both;height: 0px;padding-top: 20px;border-top-width:0px;border-bottom-width:0px;\"><\/span><\/span><\/strong><\/h3>\n<h3><strong><span style=\"color: #000000;\">Arbeitsagentur Freiburg<\/span><\/strong><br \/><strong><span style=\"color: #000000;\"> <span class=\"\" style=\"display:block;clear:both;height: 0px;padding-top: 20px;border-top-width:0px;border-bottom-width:0px;\"><\/span><\/span><\/strong><\/h3>\n<h3><strong><span style=\"color: #000000;\">Unfallkasse Baden-W\u00fcrttemberg<\/span><\/strong><br \/><strong><span style=\"color: #000000;\"> <span class=\"\" style=\"display:block;clear:both;height: 0px;padding-top: 600px;border-top-width:0px;border-bottom-width:0px;\"><\/span><\/span><\/strong><\/h3>\n<\/div><\/div><\/div><\/div><\/div><\/div>","protected":false},"excerpt":{"rendered":"<p>\u00d6ffentlicher Dienst (Auswahl) Landeshauptstadt M\u00fcnchen Landeshauptstadt Stuttgart Kulturministerium Baden-W\u00fcrttemberg Stadtverwaltung Freiburg Verband der F\u00fchrungskr\u00e4fte Deutscher Bahnen Arbeitsagentur Freiburg Unfallkasse Baden-W\u00fcrttemberg<\/p>\n","protected":false},"author":1,"featured_media":0,"parent":0,"menu_order":0,"comment_status":"closed","ping_status":"closed","template":"full-width-page.php","meta":[],"_links":{"self":[{"href":"http:\/\/l4h.ruhwandl.de\/index.php?rest_route=\/wp\/v2\/pages\/151"}],"collection":[{"href":"http:\/\/l4h.ruhwandl.de\/index.php?rest_route=\/wp\/v2\/pages"}],"about":[{"href":"http:\/\/l4h.ruhwandl.de\/index.php?rest_route=\/wp\/v2\/types\/page"}],"author":[{"embeddable":true,"href":"http:\/\/l4h.ruhwandl.de\/index.php?rest_route=\/wp\/v2\/users\/1"}],"replies":[{"embeddable":true,"href":"http:\/\/l4h.ruhwandl.de\/index.php?rest_route=%2Fwp%2Fv2%2Fcomments&post=151"}],"version-history":[{"count":3,"href":"http:\/\/l4h.ruhwandl.de\/index.php?rest_route=\/wp\/v2\/pages\/151\/revisions"}],"predecessor-version":[{"id":298,"href":"http:\/\/l4h.ruhwandl.de\/index.php?rest_route=\/wp\/v2\/pages\/151\/revisions\/298"}],"wp:attachment":[{"href":"http:\/\/l4h.ruhwandl.de\/index.php?rest_route=%2Fwp%2Fv2%2Fmedia&parent=151"}],"curies":[{"name":"wp","href":"https:\/\/api.w.org\/{rel}","templated":true}]}}